{"id":161,"date":"2021-12-07T02:13:20","date_gmt":"2021-12-07T02:13:20","guid":{"rendered":"https:\/\/gen-engineering.com\/?page_id=161"},"modified":"2021-12-08T18:05:54","modified_gmt":"2021-12-08T18:05:54","slug":"portafolio","status":"publish","type":"page","link":"https:\/\/gen-engineering.com\/index.php\/portafolio\/","title":{"rendered":"PORTAFOLIO DE PRODUCTOS Y SERVICIOS"},"content":{"rendered":"\n<div class=\"wp-block-columns are-vertically-aligned-center is-layout-flex wp-container-core-columns-is-layout-9d6595d7 wp-block-columns-is-layout-flex\">\n<div class=\"wp-block-column is-vertically-aligned-center is-layout-flow wp-block-column-is-layout-flow\" style=\"flex-basis:100%\">\n<div class=\"wp-block-columns is-layout-flex wp-container-core-columns-is-layout-9d6595d7 wp-block-columns-is-layout-flex\">\n<div class=\"wp-block-column is-layout-flow wp-block-column-is-layout-flow\">\n<p class=\"has-text-align-center\" style=\"font-size:15px\"><img loading=\"lazy\" decoding=\"async\" width=\"100\" height=\"100\" class=\"wp-image-465\" style=\"width: 100px;\" src=\"https:\/\/gen-engineering.com\/wp-content\/uploads\/2021\/12\/DISENOS-17.jpg\" alt=\"\" srcset=\"https:\/\/gen-engineering.com\/wp-content\/uploads\/2021\/12\/DISENOS-17.jpg 425w, https:\/\/gen-engineering.com\/wp-content\/uploads\/2021\/12\/DISENOS-17-300x300.jpg 300w, https:\/\/gen-engineering.com\/wp-content\/uploads\/2021\/12\/DISENOS-17-150x150.jpg 150w, https:\/\/gen-engineering.com\/wp-content\/uploads\/2021\/12\/DISENOS-17-100x100.jpg 100w\" sizes=\"auto, (max-width: 100px) 100vw, 100px\" \/><\/p>\n\n\n\n<p class=\"has-text-align-left\" style=\"font-size:15px\">DISE\u00d1O Y FABRICACI\u00d3N DE PANELES DE CONTROL COMERCIAL E INDUSTRIAL.<\/p>\n\n\n\n<p style=\"font-size:10px\">-Panel de control industrial bajo norma UL508A para edificaciones residenciales, comerciales, y plantas industriales en las siguientes aplicaciones:<br>* Sistemas de presi\u00f3n constante (SPC) y bombeo a mediana y gran altura.<br>* Sistemas de distribuci\u00f3n y seccionamiento de cargas UL408.<br>* Transferencia autom\u00e1tica de energ\u00eda.<br>* Sistemas de control para agua caliente centralizada.<br><br>-Panel de control contra incendios normados NFPA 20.10 \/ UL218.<br>-Instalaci\u00f3n de paneles de control conforme NFPA 70\/79.<\/p>\n<\/div>\n\n\n\n<div class=\"wp-block-column is-vertically-aligned-top is-layout-flow wp-block-column-is-layout-flow\">\n<div class=\"wp-block-group\"><div class=\"wp-block-group__inner-container is-layout-flow wp-block-group-is-layout-flow\">\nngg_shortcode_0_placeholder\n\n\n\n<p><\/p>\n<\/div><\/div>\n<\/div>\n<\/div>\n<\/div>\n<\/div>\n\n\n\n<div class=\"wp-block-group alignwide\"><div class=\"wp-block-group__inner-container is-layout-flow wp-block-group-is-layout-flow\">\n<div class=\"wp-block-columns is-layout-flex wp-container-core-columns-is-layout-9d6595d7 wp-block-columns-is-layout-flex\">\n<div class=\"wp-block-column is-layout-flow wp-block-column-is-layout-flow\">\n<p class=\"has-text-align-center\" style=\"font-size:10px\"><img loading=\"lazy\" decoding=\"async\" width=\"100\" height=\"100\" class=\"wp-image-461\" style=\"width: 100px;\" src=\"https:\/\/gen-engineering.com\/wp-content\/uploads\/2021\/12\/DISENOS-2-4.jpg\" alt=\"\" srcset=\"https:\/\/gen-engineering.com\/wp-content\/uploads\/2021\/12\/DISENOS-2-4.jpg 425w, https:\/\/gen-engineering.com\/wp-content\/uploads\/2021\/12\/DISENOS-2-4-300x300.jpg 300w, https:\/\/gen-engineering.com\/wp-content\/uploads\/2021\/12\/DISENOS-2-4-150x150.jpg 150w, https:\/\/gen-engineering.com\/wp-content\/uploads\/2021\/12\/DISENOS-2-4-100x100.jpg 100w\" sizes=\"auto, (max-width: 100px) 100vw, 100px\" \/><\/p>\n\n\n\n<p style=\"font-size:15px\">SISTEMAS DE BOMBEO COMERCIAL E INDUSTRIAL.<\/p>\n\n\n\n<p style=\"font-size:10px\">&#8211; Sistemas de presi\u00f3n constante (SPC) y bombeo a mediana y gran altura MVS y MMC. <br>-Bombas multietapicas verticales alta eficiencia acero inoxidable para sistemas sanitarios y fluidos industriales, motor IEC60034-17\/Clase F.<br>-Comisionado, liberaci\u00f3n, y puesta en marcha de plantas de bombeo NFPA 70\/79.<\/p>\n<\/div>\n\n\n\n<div class=\"wp-block-column is-layout-flow wp-block-column-is-layout-flow\">\nngg_shortcode_1_placeholder\n<\/div>\n<\/div>\n<\/div><\/div>\n\n\n\n<div class=\"wp-block-columns is-layout-flex wp-container-core-columns-is-layout-9d6595d7 wp-block-columns-is-layout-flex\">\n<div class=\"wp-block-column is-layout-flow wp-block-column-is-layout-flow\">\n<p class=\"has-text-align-center\" style=\"font-size:10px\"><img loading=\"lazy\" decoding=\"async\" width=\"100\" height=\"100\" class=\"wp-image-463\" style=\"width: 100px;\" src=\"https:\/\/gen-engineering.com\/wp-content\/uploads\/2021\/12\/DISENOS-4-3.jpg\" alt=\"\" srcset=\"https:\/\/gen-engineering.com\/wp-content\/uploads\/2021\/12\/DISENOS-4-3.jpg 425w, https:\/\/gen-engineering.com\/wp-content\/uploads\/2021\/12\/DISENOS-4-3-300x300.jpg 300w, https:\/\/gen-engineering.com\/wp-content\/uploads\/2021\/12\/DISENOS-4-3-150x150.jpg 150w, https:\/\/gen-engineering.com\/wp-content\/uploads\/2021\/12\/DISENOS-4-3-100x100.jpg 100w\" sizes=\"auto, (max-width: 100px) 100vw, 100px\" \/><\/p>\n\n\n\n<p style=\"font-size:15px\">SISTEMAS CONTRA INCENDIOS.<\/p>\n\n\n\n<p style=\"font-size:10px\">-Bombas Listadas UL, Aprobados FM.<br>-Paneles de Control Principal Ul Listados, FM aprobados.<br>-Paneles de Control Bomba Jockey Listados UL508A.<br>-Montaje, Comisionado y Puesta en Marcha de Sistemas Contra Incendios.<br>-Fabricaci\u00f3n de paneles de control conforme UL 218 (NFPA 20).<br>-Fabricaci\u00f3n de paneles Jockey conforme UL508A.<br>-Mantenimiento de Sistemas Contra Incendios Conforme NFPA 25.<\/p>\n<\/div>\n\n\n\n<div class=\"wp-block-column is-layout-flow wp-block-column-is-layout-flow\">\nngg_shortcode_2_placeholder\n<\/div>\n<\/div>\n\n\n\n<div class=\"wp-block-columns is-layout-flex wp-container-core-columns-is-layout-9d6595d7 wp-block-columns-is-layout-flex\">\n<div class=\"wp-block-column is-layout-flow wp-block-column-is-layout-flow\">\n<p class=\"has-text-align-center\" style=\"font-size:10px\"><img loading=\"lazy\" decoding=\"async\" width=\"100\" height=\"100\" class=\"wp-image-170\" style=\"width: 100px;\" src=\"https:\/\/gen-engineering.com\/wp-content\/uploads\/2021\/12\/ACS.jpg\" alt=\"\" srcset=\"https:\/\/gen-engineering.com\/wp-content\/uploads\/2021\/12\/ACS.jpg 214w, https:\/\/gen-engineering.com\/wp-content\/uploads\/2021\/12\/ACS-150x150.jpg 150w, https:\/\/gen-engineering.com\/wp-content\/uploads\/2021\/12\/ACS-100x100.jpg 100w\" sizes=\"auto, (max-width: 100px) 100vw, 100px\" \/><\/p>\n\n\n\n<p style=\"font-size:15px\">SISTEMAS DE CALENTAMIENTO CENTRAL.<\/p>\n\n\n\n<p style=\"font-size:10px\">-Bombas de Calor Residenciales , Comerciales, e Industriales Listadas.<br>-Tanques Importados Vitrificados, INOX, Presurizados y Abiertos.<br>-Bombas de Recirculaci\u00f3n de Agua Caliente.<br>-Paneles Solares.<\/p>\n<\/div>\n\n\n\n<div class=\"wp-block-column is-layout-flow wp-block-column-is-layout-flow\">\nngg_shortcode_3_placeholder\n<\/div>\n<\/div>\n\n\n\n<div class=\"wp-block-columns is-layout-flex wp-container-core-columns-is-layout-9d6595d7 wp-block-columns-is-layout-flex\">\n<div class=\"wp-block-column is-layout-flow wp-block-column-is-layout-flow\">\n<p class=\"has-text-align-center\" style=\"font-size:10px\"><img loading=\"lazy\" decoding=\"async\" width=\"100\" height=\"100\" class=\"wp-image-251\" style=\"width: 100px;\" src=\"https:\/\/gen-engineering.com\/wp-content\/uploads\/2021\/12\/ING.jpg\" alt=\"\" srcset=\"https:\/\/gen-engineering.com\/wp-content\/uploads\/2021\/12\/ING.jpg 219w, https:\/\/gen-engineering.com\/wp-content\/uploads\/2021\/12\/ING-150x150.jpg 150w, https:\/\/gen-engineering.com\/wp-content\/uploads\/2021\/12\/ING-100x100.jpg 100w\" sizes=\"auto, (max-width: 100px) 100vw, 100px\" \/><\/p>\n\n\n\n<p style=\"font-size:15px\">INGENIERIA  BASICA Y DETALLE<\/p>\n\n\n\n<p style=\"font-size:10px\">-Selecci\u00f3n de Par\u00e1metros  y Estudio Preliminar.<br>-Desarrollo e Ingenier\u00eda B\u00e1sica y Detalle de Memoria T\u00e9cnicas Hidrosanitarias, Incendios, y El\u00e9ctricas.<br>-Ingenier\u00eda de Detalle y Desarrollo de Memorias T\u00e9cnica Para Proyectos Eco-Eficientes STHV32.<\/p>\n<\/div>\n\n\n\n<div class=\"wp-block-column is-layout-flow wp-block-column-is-layout-flow\">\nngg_shortcode_4_placeholder\n<\/div>\n<\/div>\n\n\n\n<div class=\"wp-block-columns is-layout-flex wp-container-core-columns-is-layout-9d6595d7 wp-block-columns-is-layout-flex\">\n<div class=\"wp-block-column is-layout-flow wp-block-column-is-layout-flow\">\n<p class=\"has-text-align-center\" style=\"font-size:10px\"><img loading=\"lazy\" decoding=\"async\" width=\"100\" height=\"100\" class=\"wp-image-459\" style=\"width: 100px;\" src=\"https:\/\/gen-engineering.com\/wp-content\/uploads\/2021\/12\/DISENOS-7-2.jpg\" alt=\"\" srcset=\"https:\/\/gen-engineering.com\/wp-content\/uploads\/2021\/12\/DISENOS-7-2.jpg 425w, https:\/\/gen-engineering.com\/wp-content\/uploads\/2021\/12\/DISENOS-7-2-300x300.jpg 300w, https:\/\/gen-engineering.com\/wp-content\/uploads\/2021\/12\/DISENOS-7-2-150x150.jpg 150w, https:\/\/gen-engineering.com\/wp-content\/uploads\/2021\/12\/DISENOS-7-2-100x100.jpg 100w\" sizes=\"auto, (max-width: 100px) 100vw, 100px\" \/><\/p>\n\n\n\n<p style=\"font-size:15px\">SISTEMAS ELECTROMEC\u00c1NICOS.<\/p>\n\n\n\n<p style=\"font-size:10px\">-Montaje de Plantas Industriales, Redes de Potencia Mediana y Baja Tensi\u00f3n, Instrumentaci\u00f3n y Control.<br>-Mantenimiento de Bombas Hidr\u00e1ulicas y  Motores El\u00e9ctricos.<br><\/p>\n<\/div>\n\n\n\n<div class=\"wp-block-column is-layout-flow wp-block-column-is-layout-flow\">\nngg_shortcode_5_placeholder\n<\/div>\n<\/div>\n","protected":false},"excerpt":{"rendered":"<p>DISE\u00d1O Y FABRICACI\u00d3N DE PANELES DE CONTROL COMERCIAL E INDUSTRIAL. -Panel de control industrial bajo norma UL508A para edificaciones residenciales, comerciales, y plantas industriales en las siguientes aplicaciones:* Sistemas de presi\u00f3n constante (SPC) y bombeo a mediana y gran altura.* Sistemas de distribuci\u00f3n y seccionamiento de cargas UL408.* Transferencia autom\u00e1tica de energ\u00eda.* Sistemas de control &hellip; <\/p>\n<p class=\"link-more\"><a href=\"https:\/\/gen-engineering.com\/index.php\/portafolio\/\" class=\"more-link\">Continue reading<span class=\"screen-reader-text\"> &#8220;PORTAFOLIO DE PRODUCTOS Y SERVICIOS&#8221;<\/span><\/a><\/p>\n","protected":false},"author":1,"featured_media":0,"parent":0,"menu_order":0,"comment_status":"closed","ping_status":"closed","template":"","meta":{"ngg_post_thumbnail":0,"footnotes":""},"class_list":["post-161","page","type-page","status-publish","hentry"],"_links":{"self":[{"href":"https:\/\/gen-engineering.com\/index.php\/wp-json\/wp\/v2\/pages\/161","targetHints":{"allow":["GET"]}}],"collection":[{"href":"https:\/\/gen-engineering.com\/index.php\/wp-json\/wp\/v2\/pages"}],"about":[{"href":"https:\/\/gen-engineering.com\/index.php\/wp-json\/wp\/v2\/types\/page"}],"author":[{"embeddable":true,"href":"https:\/\/gen-engineering.com\/index.php\/wp-json\/wp\/v2\/users\/1"}],"replies":[{"embeddable":true,"href":"https:\/\/gen-engineering.com\/index.php\/wp-json\/wp\/v2\/comments?post=161"}],"version-history":[{"count":49,"href":"https:\/\/gen-engineering.com\/index.php\/wp-json\/wp\/v2\/pages\/161\/revisions"}],"predecessor-version":[{"id":521,"href":"https:\/\/gen-engineering.com\/index.php\/wp-json\/wp\/v2\/pages\/161\/revisions\/521"}],"wp:attachment":[{"href":"https:\/\/gen-engineering.com\/index.php\/wp-json\/wp\/v2\/media?parent=161"}],"curies":[{"name":"wp","href":"https:\/\/api.w.org\/{rel}","templated":true}]}}