{"id":2,"date":"2021-12-02T23:32:19","date_gmt":"2021-12-02T23:32:19","guid":{"rendered":"http:\/\/gen-engineering.com\/?page_id=2"},"modified":"2025-03-08T16:56:17","modified_gmt":"2025-03-08T16:56:17","slug":"pagina-ejemplo","status":"publish","type":"page","link":"https:\/\/gen-engineering.com\/index.php\/pagina-ejemplo\/","title":{"rendered":"NOSOTROS"},"content":{"rendered":"<p style=\"font-size: 26px;\">\u00a0<\/p>\n<p><!-- \/wp:post-content --><\/p>\n<p><!-- wp:image {\"id\":623,\"sizeSlug\":\"large\",\"linkDestination\":\"none\"} --><\/p>\n<figure><img decoding=\"async\" src=\"https:\/\/gen-engineering.com\/wp-content\/uploads\/2022\/06\/NOSOTROS-1-1024x683.jpg\" alt=\"\" \/><\/figure>\n<p><!-- \/wp:image --><\/p>\n<p><!-- wp:paragraph {\"style\":{\"typography\":{\"fontSize\":\"26px\"}}} --><\/p>\n<p style=\"font-size: 26px;\">Misi\u00f3n:<\/p>\n<p><!-- \/wp:paragraph --><\/p>\n<p><!-- wp:paragraph --><\/p>\n<p>Satisfacer las necesidades de nuestros clientes, brindando productos y servicios de primera calidad en las \u00e1reas comercial e industrial, bas\u00e1ndonos en la mejora continua de los procesos y apego a los m\u00e1s altos est\u00e1ndares de ingenier\u00eda con selectos distribuidores, aplicando normativas de calidad, seguridad y medio ambiente nacionales e internacionales.<\/p>\n<p><!-- \/wp:paragraph --><\/p>\n<p><!-- wp:paragraph {\"style\":{\"typography\":{\"fontSize\":\"26px\"}}} --><\/p>\n<p style=\"font-size: 26px;\">Visi\u00f3n:<\/p>\n<p><!-- \/wp:paragraph --><\/p>\n<p><!-- wp:paragraph --><\/p>\n<p>Ser un fuerte competidor de las mejores empresas de productos y servicios Ecuatorianas Ser una de las mejores empresas Ecuatoriana en la fabricaci\u00f3n de paneles de control y soluciones de ingenier\u00eda en la administraci\u00f3n de energias para los sectores comercial, residencial e industrial.<\/p>\n<p><!-- \/wp:paragraph --><\/p>\n<p><!-- wp:paragraph {\"align\":\"center\",\"style\":{\"typography\":{\"fontSize\":\"26px\"}}} --><\/p>\n<p style=\"font-size: 26px;\">\u00a0<\/p>\n<p><!-- \/wp:paragraph --><\/p>\n<p><!-- wp:paragraph {\"style\":{\"typography\":{\"fontSize\":\"26px\"}}} --><\/p>\n<p style=\"font-size: 26px;\">Valores:<\/p>\n<p><!-- \/wp:paragraph --><\/p>\n<p><!-- wp:paragraph {\"align\":\"center\"} --><\/p>\n<p>\u00a0<\/p>\n<p><!-- \/wp:paragraph --><\/p>\n<p><!-- wp:columns --><\/p>\n<p><!-- wp:column --><\/p>\n<p><!-- wp:image {\"align\":\"center\",\"id\":144,\"width\":79,\"height\":79} --><\/p>\n<figure><img loading=\"lazy\" decoding=\"async\" src=\"https:\/\/gen-engineering.com\/wp-content\/uploads\/2021\/12\/ecosistemas.jpg\" alt=\"\" width=\"79\" height=\"79\" \/><\/figure>\n<p><!-- \/wp:image --><\/p>\n<p><!-- wp:paragraph {\"align\":\"center\"} --><\/p>\n<p>Enfocados en las Personas<\/p>\n<p><!-- \/wp:paragraph --><\/p>\n<p><!-- wp:paragraph {\"align\":\"center\"} --><\/p>\n<p>Creemos en el respeto mutuo y los valores personales de cada individuo. Valoramos el potencial individual, la pasi\u00f3n y el compromiso ya que estos permiten que el desempe\u00f1o de las actividades sea din\u00e1mico contribuyendo a un excelente clima laboral.<\/p>\n<p><!-- \/wp:paragraph --><\/p>\n<p><!-- \/wp:column --><\/p>\n<p><!-- wp:column --><\/p>\n<p><!-- wp:image {\"align\":\"center\",\"width\":77,\"height\":77} --><\/p>\n<figure><img loading=\"lazy\" decoding=\"async\" src=\"https:\/\/gen-engineering.com\/wp-content\/uploads\/2021\/12\/personas.jpg\" alt=\"\" width=\"77\" height=\"77\" \/><\/figure>\n<p><!-- \/wp:image --><\/p>\n<p><!-- wp:paragraph {\"align\":\"center\"} --><\/p>\n<p>Relaci\u00f3n con el Ecosistema<\/p>\n<p><!-- \/wp:paragraph --><\/p>\n<p><!-- wp:paragraph {\"align\":\"center\"} --><\/p>\n<p>Creamos valores a trav\u00e9s de relaciones cercanas con nuestros clientes, proveedores, y A trav\u00e9s de relaciones cercanas con nuestros distinguidos clientes, proveedores, y colaboradores de nuestra organizaci\u00f3n creamos valores con lo cual generamos un ecosistema sano que permite el crecimiento mutuo y fomenta el liderazgo.<\/p>\n<p><!-- \/wp:paragraph --><\/p>\n<p><!-- \/wp:column --><\/p>\n<p><!-- wp:column --><\/p>\n<p><!-- wp:image {\"align\":\"center\",\"id\":143,\"width\":78,\"height\":78} --><\/p>\n<figure><img loading=\"lazy\" decoding=\"async\" src=\"https:\/\/gen-engineering.com\/wp-content\/uploads\/2021\/12\/confianza.jpg\" alt=\"\" width=\"78\" height=\"78\" \/><\/figure>\n<p><!-- \/wp:image --><\/p>\n<p><!-- wp:paragraph --><\/p>\n<p>Confianza Y Transparencia<\/p>\n<p><!-- \/wp:paragraph --><\/p>\n<p><!-- wp:paragraph {\"align\":\"center\"} --><\/p>\n<p>Somos una organizaci\u00f3n comprometida con las necesidades tanto de nuestros clientes como de los colaboradores, mantenemos un nivel adecuado de comunicaci\u00f3n siendo este directo, abierto con transparencia, seriedad y respeto. Siempre estamos dispuestos al di\u00e1logo cordial y formal.<\/p>\n<p><!-- \/wp:paragraph --><\/p>\n<p><!-- \/wp:column --><\/p>\n<p><!-- \/wp:columns --><\/p>\n<p><!-- wp:columns --><\/p>\n<p><!-- wp:column --><\/p>\n<p><!-- wp:image {\"align\":\"center\",\"id\":141,\"width\":75,\"height\":75} --><\/p>\n<figure><img loading=\"lazy\" decoding=\"async\" src=\"https:\/\/gen-engineering.com\/wp-content\/uploads\/2021\/12\/sustentabilidad.jpg\" alt=\"\" width=\"75\" height=\"75\" \/><\/figure>\n<p><!-- \/wp:image --><\/p>\n<p><!-- wp:paragraph {\"align\":\"center\"} --><\/p>\n<p>Sustentabilidad<\/p>\n<p><!-- \/wp:paragraph --><\/p>\n<p><!-- wp:paragraph {\"align\":\"center\"} --><\/p>\n<p>Tenemos un compromiso de mejora continua en eficiencia energ\u00e9tica tanto en nuestros productos como en los procesos, y as\u00ed contribuir a la reducci\u00f3n del impacto clim\u00e1tico.<\/p>\n<p><!-- \/wp:paragraph --><\/p>\n<p><!-- \/wp:column --><\/p>\n<p><!-- wp:column --><\/p>\n<p><!-- wp:image {\"align\":\"center\",\"id\":142,\"width\":74,\"height\":74} --><\/p>\n<figure><img loading=\"lazy\" decoding=\"async\" src=\"https:\/\/gen-engineering.com\/wp-content\/uploads\/2021\/12\/ambicion.jpg\" alt=\"\" width=\"74\" height=\"74\" \/><\/figure>\n<p><!-- \/wp:image --><\/p>\n<p><!-- wp:paragraph {\"align\":\"center\"} --><\/p>\n<p>Ambici\u00f3n<\/p>\n<p><!-- \/wp:paragraph --><\/p>\n<p><!-- wp:paragraph {\"align\":\"center\"} --><\/p>\n<p>Nos desafiamos a cumplir retos que mejoren las soluciones en el menor tiempo y en pro de la calidad de los productos y servicios que ofrecemos. Nuestro cuidado dise\u00f1o, atenci\u00f3n al detalle y las mejoras constantes nos conducen orgullosamente a las metas de calidad propuestas.<\/p>\n<p><!-- \/wp:paragraph --><\/p>\n<p><!-- \/wp:column --><\/p>\n<p><!-- wp:column --><\/p>\n<p><!-- wp:image {\"align\":\"center\",\"id\":145,\"width\":71,\"height\":71} --><\/p>\n<figure><img loading=\"lazy\" decoding=\"async\" src=\"https:\/\/gen-engineering.com\/wp-content\/uploads\/2021\/12\/experiencia.jpg\" alt=\"\" width=\"71\" height=\"71\" \/><\/figure>\n<p><!-- \/wp:image --><\/p>\n<p><!-- wp:paragraph {\"align\":\"center\"} --><\/p>\n<p>Experiencia<\/p>\n<p><!-- \/wp:paragraph --><\/p>\n<p><!-- wp:paragraph {\"align\":\"center\"} --><\/p>\n<p>Con mas de 28 a\u00f1os en el mercado y con el soporte t\u00e9cnico internacional que proporciona las afiliaciones a las instituciones Norte americanas m\u00e1s importantes a nivel mundial como National Fire protection Asociation (NFPA) y Underwriters Laboratories (UL), entregamos productos y servicios de alta calidad.<\/p>\n<p><!-- \/wp:paragraph --><\/p>\n<p><!-- \/wp:column --><\/p>\n<p><!-- \/wp:columns --><\/p>","protected":false},"excerpt":{"rendered":"<p>\u00a0 Misi\u00f3n: Satisfacer las necesidades de nuestros clientes, brindando productos y servicios de primera calidad en las \u00e1reas comercial e industrial, bas\u00e1ndonos en la mejora continua de los procesos y apego a los m\u00e1s altos est\u00e1ndares de ingenier\u00eda con selectos distribuidores, aplicando normativas de calidad, seguridad y medio ambiente nacionales e internacionales. Visi\u00f3n: Ser un &hellip; <\/p>\n<p class=\"link-more\"><a href=\"https:\/\/gen-engineering.com\/index.php\/pagina-ejemplo\/\" class=\"more-link\">Continue reading<span class=\"screen-reader-text\"> &#8220;NOSOTROS&#8221;<\/span><\/a><\/p>\n","protected":false},"author":1,"featured_media":0,"parent":0,"menu_order":0,"comment_status":"closed","ping_status":"open","template":"","meta":{"ngg_post_thumbnail":0,"footnotes":""},"class_list":["post-2","page","type-page","status-publish","hentry"],"_links":{"self":[{"href":"https:\/\/gen-engineering.com\/index.php\/wp-json\/wp\/v2\/pages\/2","targetHints":{"allow":["GET"]}}],"collection":[{"href":"https:\/\/gen-engineering.com\/index.php\/wp-json\/wp\/v2\/pages"}],"about":[{"href":"https:\/\/gen-engineering.com\/index.php\/wp-json\/wp\/v2\/types\/page"}],"author":[{"embeddable":true,"href":"https:\/\/gen-engineering.com\/index.php\/wp-json\/wp\/v2\/users\/1"}],"replies":[{"embeddable":true,"href":"https:\/\/gen-engineering.com\/index.php\/wp-json\/wp\/v2\/comments?post=2"}],"version-history":[{"count":23,"href":"https:\/\/gen-engineering.com\/index.php\/wp-json\/wp\/v2\/pages\/2\/revisions"}],"predecessor-version":[{"id":657,"href":"https:\/\/gen-engineering.com\/index.php\/wp-json\/wp\/v2\/pages\/2\/revisions\/657"}],"wp:attachment":[{"href":"https:\/\/gen-engineering.com\/index.php\/wp-json\/wp\/v2\/media?parent=2"}],"curies":[{"name":"wp","href":"https:\/\/api.w.org\/{rel}","templated":true}]}}