{"id":45,"date":"2021-12-03T03:42:19","date_gmt":"2021-12-03T03:42:19","guid":{"rendered":"http:\/\/gen-engineering.com\/?page_id=45"},"modified":"2021-12-06T04:25:51","modified_gmt":"2021-12-06T04:25:51","slug":"inicio","status":"publish","type":"page","link":"https:\/\/gen-engineering.com\/","title":{"rendered":"Quienes Somos"},"content":{"rendered":"\n<p class=\"has-text-align-left\">Somos un equipo de ingenieros de dise\u00f1o, instalaci\u00f3n, montaje y mantenimiento; capaces de ofrecer soluciones acordes a las necesidades del cliente, tanto en la ingenier\u00eda de dise\u00f1o b\u00e1sico y detalle, as\u00ed como en pre-ensamblaje, montajes, comisionado, puesta en marcha, mantenimientos preventivo o correctivo, fabricaci\u00f3n y suministro de equipos de importaci\u00f3n directa de las mejores marcas certificadas y listadas a nivel mundial.<\/p>\n","protected":false},"excerpt":{"rendered":"<p>Somos un equipo de ingenieros de dise\u00f1o, instalaci\u00f3n, montaje y mantenimiento; capaces de ofrecer soluciones acordes a las necesidades del cliente, tanto en la ingenier\u00eda de dise\u00f1o b\u00e1sico y detalle, as\u00ed como en pre-ensamblaje, montajes, comisionado, puesta en marcha, mantenimientos preventivo o correctivo, fabricaci\u00f3n y suministro de equipos de importaci\u00f3n directa de las mejores marcas &hellip; <\/p>\n<p class=\"link-more\"><a href=\"https:\/\/gen-engineering.com\/\" class=\"more-link\">Continue reading<span class=\"screen-reader-text\"> &#8220;Quienes Somos&#8221;<\/span><\/a><\/p>\n","protected":false},"author":1,"featured_media":0,"parent":0,"menu_order":0,"comment_status":"closed","ping_status":"closed","template":"","meta":{"ngg_post_thumbnail":0,"footnotes":""},"class_list":["post-45","page","type-page","status-publish","hentry"],"_links":{"self":[{"href":"https:\/\/gen-engineering.com\/index.php\/wp-json\/wp\/v2\/pages\/45","targetHints":{"allow":["GET"]}}],"collection":[{"href":"https:\/\/gen-engineering.com\/index.php\/wp-json\/wp\/v2\/pages"}],"about":[{"href":"https:\/\/gen-engineering.com\/index.php\/wp-json\/wp\/v2\/types\/page"}],"author":[{"embeddable":true,"href":"https:\/\/gen-engineering.com\/index.php\/wp-json\/wp\/v2\/users\/1"}],"replies":[{"embeddable":true,"href":"https:\/\/gen-engineering.com\/index.php\/wp-json\/wp\/v2\/comments?post=45"}],"version-history":[{"count":4,"href":"https:\/\/gen-engineering.com\/index.php\/wp-json\/wp\/v2\/pages\/45\/revisions"}],"predecessor-version":[{"id":125,"href":"https:\/\/gen-engineering.com\/index.php\/wp-json\/wp\/v2\/pages\/45\/revisions\/125"}],"wp:attachment":[{"href":"https:\/\/gen-engineering.com\/index.php\/wp-json\/wp\/v2\/media?parent=45"}],"curies":[{"name":"wp","href":"https:\/\/api.w.org\/{rel}","templated":true}]}}